{"id":2722,"date":"2024-09-16T21:32:16","date_gmt":"2024-09-16T21:32:16","guid":{"rendered":"https:\/\/fundacion-zephyr.org\/?page_id=2722"},"modified":"2024-09-30T20:35:26","modified_gmt":"2024-09-30T20:35:26","slug":"gestion-citas-medicas","status":"publish","type":"page","link":"https:\/\/fundacion-zephyr.org\/en\/gestion-citas-medicas\/","title":{"rendered":"Gesti\u00f3n Citas M\u00e9dicas"},"content":{"rendered":"<div class=\"wp-block-uagb-container uagb-block-a79bbcd0 alignfull uagb-is-root-container\">\n<div class=\"wp-block-uagb-info-box uagb-block-fc99e2cd uagb-infobox__content-wrap  uagb-infobox-icon-above-title uagb-infobox-image-valign-top wp-block-uagb-info-box--has-margin\"><div class=\"uagb-infobox-margin-wrapper\"><div class=\"uagb-ifb-content\"><div class=\"uagb-ifb-title-wrap\"><h3 class=\"uagb-ifb-title\">Health Counseling and Appointment Management<\/h3><\/div><\/div><\/div><\/div>\n\n\n\n<div class=\"wp-block-uagb-container uagb-layout-grid uagb-block-1900f246 alignfull uagb-is-root-container\"><div class=\"uagb-container-inner-blocks-wrap\">\n<div class=\"wp-block-uagb-image uagb-block-3668508b wp-block-uagb-image--layout-default wp-block-uagb-image--effect-static wp-block-uagb-image--align-none\"><figure class=\"wp-block-uagb-image__figure\"><img loading=\"lazy\" decoding=\"async\" srcset=\"https:\/\/fundacion-zephyr.org\/wp-content\/uploads\/2024\/09\/WhatsApp-Image-2024-09-28-at-10.13.45-AM-1-1-1014x1024.jpeg ,https:\/\/fundacion-zephyr.org\/wp-content\/uploads\/2024\/09\/WhatsApp-Image-2024-09-28-at-10.13.45-AM-1-1-scaled.jpeg 780w, https:\/\/fundacion-zephyr.org\/wp-content\/uploads\/2024\/09\/WhatsApp-Image-2024-09-28-at-10.13.45-AM-1-1-scaled.jpeg 360w\" sizes=\"auto, (max-width: 480px) 150px\" src=\"https:\/\/fundacion-zephyr.org\/wp-content\/uploads\/2024\/09\/WhatsApp-Image-2024-09-28-at-10.13.45-AM-1-1-1014x1024.jpeg\" alt=\"\" class=\"uag-image-3198\" width=\"1014\" height=\"1024\" title=\"WhatsApp Image 2024-09-28 at 10.13.45 AM (1)\" role=\"img\"\/><\/figure><\/div>\n\n\n\n<div class=\"wp-block-uagb-info-box uagb-block-25e98794 uagb-infobox__content-wrap  uagb-infobox-icon-above-title uagb-infobox-image-valign-top wp-block-uagb-info-box--has-margin\"><div class=\"uagb-infobox-margin-wrapper\"><div class=\"uagb-ifb-content\"><div class=\"uagb-ifb-title-wrap\"><h3 class=\"uagb-ifb-title\">Attention, Inclusion, and Transparency at the Foundation<\/h3><\/div><p class=\"uagb-ifb-desc\">Here at our medical appointment office, we provide care and guidance to vulnerable populations who need help with appointment management and medication delivery requests. We also act as an intermediary and manage all matters related to their care, including ordering necessary medications, following up, and monitoring specific cases as needed.<br>Act as an intermediary and manage all matters related to care and medication ordering<br>Carry out follow-up and monitoring of specific cases as needed.<br><\/p><\/div><\/div><\/div>\n<\/div><\/div>\n<\/div>\n\n\n\n<div class=\"wp-block-uagb-container uagb-block-418d9756 alignfull uagb-is-root-container\"><div class=\"uagb-container-inner-blocks-wrap\">\n<div class=\"wp-block-uagb-advanced-heading uagb-block-708e8f1d\"><h2 class=\"uagb-heading-text\">Objective <\/h2><p class=\"uagb-desc-text\">To guarantee effective and efficient services through proper coordination and documentation and prioritize attention to vulnerable populations with a focus on inclusion and personalized care.<br><\/p><\/div>\n\n\n\n<div class=\"wp-block-uagb-container uagb-block-510d6004\">\n<div class=\"wp-block-uagb-image aligncenter uagb-block-203d661f wp-block-uagb-image--layout-default wp-block-uagb-image--effect-static wp-block-uagb-image--align-center\"><figure class=\"wp-block-uagb-image__figure\"><img loading=\"lazy\" decoding=\"async\" srcset=\"https:\/\/fundacion-zephyr.org\/wp-content\/uploads\/2024\/09\/WhatsApp-Image-2024-09-28-at-10.13.47-AM-1-1024x676.jpeg ,https:\/\/fundacion-zephyr.org\/wp-content\/uploads\/2024\/09\/WhatsApp-Image-2024-09-28-at-10.13.47-AM-1-scaled.jpeg 780w, https:\/\/fundacion-zephyr.org\/wp-content\/uploads\/2024\/09\/WhatsApp-Image-2024-09-28-at-10.13.47-AM-1-scaled.jpeg 360w\" sizes=\"auto, (max-width: 480px) 150px\" src=\"https:\/\/fundacion-zephyr.org\/wp-content\/uploads\/2024\/09\/WhatsApp-Image-2024-09-28-at-10.13.47-AM-1-1024x676.jpeg\" alt=\"\" class=\"uag-image-3192\" width=\"545\" height=\"359\" title=\"WhatsApp Image 2024-09-28 at 10.13.47 AM (1)\" role=\"img\"\/><\/figure><\/div>\n<\/div>\n<\/div><\/div>\n\n\n\n<div class=\"wp-block-uagb-container uagb-block-cfc17867 alignfull uagb-is-root-container\"><div class=\"uagb-container-inner-blocks-wrap\">\n<div class=\"wp-block-uagb-advanced-heading uagb-block-4e6043ce\"><h2 class=\"uagb-heading-text\"><strong>Results<\/strong><\/h2><\/div>\n\n\n\n<div class=\"wp-block-uagb-container uagb-block-c0202612\">\n<div class=\"wp-block-uagb-container uagb-block-15300e8b\">\n<div class=\"wp-block-uagb-image uagb-block-4b3855b3 wp-block-uagb-image--layout-default wp-block-uagb-image--effect-static wp-block-uagb-image--align-none\"><figure class=\"wp-block-uagb-image__figure\"><img loading=\"lazy\" decoding=\"async\" srcset=\"https:\/\/fundacion-zephyr.org\/wp-content\/uploads\/2024\/09\/WhatsApp-Image-2024-09-28-at-10.13.45-AM-1-768x1024.jpeg ,https:\/\/fundacion-zephyr.org\/wp-content\/uploads\/2024\/09\/WhatsApp-Image-2024-09-28-at-10.13.45-AM-1-scaled.jpeg 780w, https:\/\/fundacion-zephyr.org\/wp-content\/uploads\/2024\/09\/WhatsApp-Image-2024-09-28-at-10.13.45-AM-1-scaled.jpeg 360w\" sizes=\"auto, (max-width: 480px) 150px\" src=\"https:\/\/fundacion-zephyr.org\/wp-content\/uploads\/2024\/09\/WhatsApp-Image-2024-09-28-at-10.13.45-AM-1-768x1024.jpeg\" alt=\"\" class=\"uag-image-3197\" width=\"320\" height=\"480\" title=\"WhatsApp Image 2024-09-28 at 10.13.45 AM\" role=\"img\"\/><\/figure><\/div>\n<\/div>\n\n\n\n<div class=\"wp-block-uagb-container uagb-block-deb37c88\">\n<div class=\"wp-block-uagb-info-box uagb-block-8784ebe0 uagb-infobox__content-wrap  uagb-infobox-icon-above-title uagb-infobox-image-valign-top\"><div class=\"uagb-ifb-content\"><div class=\"uagb-ifb-icon-wrap\"><svg xmlns=\"https:\/\/www.w3.org\/2000\/svg\" viewbox=\"0 0 448 512\"><path d=\"M96 224C84.72 224 74.05 226.3 64 229.9V224c0-35.3 28.7-64 64-64c17.67 0 32-14.33 32-32S145.7 96 128 96C57.42 96 0 153.4 0 224v96c0 53.02 42.98 96 96 96s96-42.98 96-96S149 224 96 224zM352 224c-11.28 0-21.95 2.305-32 5.879V224c0-35.3 28.7-64 64-64c17.67 0 32-14.33 32-32s-14.33-32-32-32c-70.58 0-128 57.42-128 128v96c0 53.02 42.98 96 96 96s96-42.98 96-96S405 224 352 224z\"><\/path><\/svg><\/div><div class=\"uagb-ifb-title-wrap\"><p class=\"uagb-ifb-title\">Over the past year, we have worked tirelessly to ensure that those who have faced barriers to accessing care receive the support and assistance they deserve. \nThe number of actual monthly appointments is increasing daily as we work to improve the quality and speed of medical care and strengthen the foundation's impact and visibility<br>El n\u00famero de citas mensuales efectivas est\u00e1 aumentando cada d\u00eda.<br>Hemos mejorado la calidad y rapidez de la atenci\u00f3n m\u00e9dica.<br>Fortalecemos el impacto y la visibilidad de la fundaci\u00f3n.<\/p><\/div><\/div><\/div>\n<\/div>\n<\/div>\n<\/div><\/div>\n\n\n\n<div class=\"wp-block-uagb-container uagb-block-d7d1f1a1 alignfull uagb-is-root-container\"><div class=\"uagb-container-inner-blocks-wrap\">\n<div class=\"wp-block-uagb-info-box uagb-block-824f5012 uagb-infobox__content-wrap  uagb-infobox-icon-above-title uagb-infobox-image-valign-top\"><div class=\"uagb-ifb-content\"><div class=\"uagb-ifb-title-wrap\"><\/div><p class=\"uagb-ifb-desc\">Your donation helps guarantee medical care to those who need it most. Contribute today!<\/p><div class=\"uagb-ifb-button-wrapper wp-block-button\"><a href=\"https:\/\/fundacion-zephyr.org\/en\/?post_type=give_forms&amp;p=3157\" class=\"uagb-infobox-cta-link wp-block-button__link\" target=\"_self\" rel=\"noopener noreferrer\" onclick=\"return true;\"><span class=\"uagb-inline-editing\">Donate<\/span><\/a><\/div><\/div><\/div>\n<\/div><\/div>\n\n\n\n<p><\/p>","protected":false},"excerpt":{"rendered":"<p>Objetivo Garantizar servicios efectivos y eficientes mediante la adecuada coordinaci\u00f3n y documentaci\u00f3n, priorizando la atenci\u00f3n a la poblaci\u00f3n vulnerable con un enfoque en inclusi\u00f3n y acompa\u00f1amiento personalizado. Alcance<\/p>","protected":false},"author":2,"featured_media":0,"parent":0,"menu_order":0,"comment_status":"closed","ping_status":"closed","template":"elementor_theme","meta":{"give_campaign_id":0,"_surecart_dashboard_logo_width":"180px","_surecart_dashboard_show_logo":true,"_surecart_dashboard_navigation_orders":true,"_surecart_dashboard_navigation_invoices":true,"_surecart_dashboard_navigation_subscriptions":true,"_surecart_dashboard_navigation_downloads":true,"_surecart_dashboard_navigation_billing":true,"_surecart_dashboard_navigation_account":true,"_uag_custom_page_level_css":"","site-sidebar-layout":"default","site-content-layout":"","ast-site-content-layout":"default","site-content-style":"default","site-sidebar-style":"default","ast-global-header-display":"","ast-banner-title-visibility":"","ast-main-header-display":"","ast-hfb-above-header-display":"","ast-hfb-below-header-display":"","ast-hfb-mobile-header-display":"","site-post-title":"disabled","ast-breadcrumbs-content":"","ast-featured-img":"","footer-sml-layout":"","ast-disable-related-posts":"","theme-transparent-header-meta":"","adv-header-id-meta":"","stick-header-meta":"","header-above-stick-meta":"","header-main-stick-meta":"","header-below-stick-meta":"","astra-migrate-meta-layouts":"set","ast-page-background-enabled":"default","ast-page-background-meta":{"desktop":{"background-color":"var(--ast-global-color-4)","background-image":"","background-repeat":"repeat","background-position":"center center","background-size":"auto","background-attachment":"scroll","background-type":"","background-media":"","overlay-type":"","overlay-color":"","overlay-opacity":"","overlay-gradient":""},"tablet":{"background-color":"","background-image":"","background-repeat":"repeat","background-position":"center center","background-size":"auto","background-attachment":"scroll","background-type":"","background-media":"","overlay-type":"","overlay-color":"","overlay-opacity":"","overlay-gradient":""},"mobile":{"background-color":"","background-image":"","background-repeat":"repeat","background-position":"center center","background-size":"auto","background-attachment":"scroll","background-type":"","background-media":"","overlay-type":"","overlay-color":"","overlay-opacity":"","overlay-gradient":""}},"ast-content-background-meta":{"desktop":{"background-color":"var(--ast-global-color-5)","background-image":"","background-repeat":"repeat","background-position":"center center","background-size":"auto","background-attachment":"scroll","background-type":"","background-media":"","overlay-type":"","overlay-color":"","overlay-opacity":"","overlay-gradient":""},"tablet":{"background-color":"var(--ast-global-color-5)","background-image":"","background-repeat":"repeat","background-position":"center center","background-size":"auto","background-attachment":"scroll","background-type":"","background-media":"","overlay-type":"","overlay-color":"","overlay-opacity":"","overlay-gradient":""},"mobile":{"background-color":"var(--ast-global-color-5)","background-image":"","background-repeat":"repeat","background-position":"center center","background-size":"auto","background-attachment":"scroll","background-type":"","background-media":"","overlay-type":"","overlay-color":"","overlay-opacity":"","overlay-gradient":""}},"footnotes":""},"class_list":["post-2722","page","type-page","status-publish","hentry"],"campaignId":"","uagb_featured_image_src":{"full":false,"thumbnail":false,"medium":false,"medium_large":false,"large":false,"1536x1536":false,"2048x2048":false,"trp-custom-language-flag":false},"uagb_author_info":{"display_name":"adminzephyr","author_link":"https:\/\/fundacion-zephyr.org\/en\/author\/adminzephyr\/"},"uagb_comment_info":0,"uagb_excerpt":"Objetivo Garantizar servicios efectivos y eficientes mediante la adecuada coordinaci\u00f3n y documentaci\u00f3n, priorizando la atenci\u00f3n a la poblaci\u00f3n vulnerable con un enfoque en inclusi\u00f3n y acompa\u00f1amiento personalizado. Alcance","_links":{"self":[{"href":"https:\/\/fundacion-zephyr.org\/en\/wp-json\/wp\/v2\/pages\/2722","targetHints":{"allow":["GET"]}}],"collection":[{"href":"https:\/\/fundacion-zephyr.org\/en\/wp-json\/wp\/v2\/pages"}],"about":[{"href":"https:\/\/fundacion-zephyr.org\/en\/wp-json\/wp\/v2\/types\/page"}],"author":[{"embeddable":true,"href":"https:\/\/fundacion-zephyr.org\/en\/wp-json\/wp\/v2\/users\/2"}],"replies":[{"embeddable":true,"href":"https:\/\/fundacion-zephyr.org\/en\/wp-json\/wp\/v2\/comments?post=2722"}],"version-history":[{"count":24,"href":"https:\/\/fundacion-zephyr.org\/en\/wp-json\/wp\/v2\/pages\/2722\/revisions"}],"predecessor-version":[{"id":3201,"href":"https:\/\/fundacion-zephyr.org\/en\/wp-json\/wp\/v2\/pages\/2722\/revisions\/3201"}],"wp:attachment":[{"href":"https:\/\/fundacion-zephyr.org\/en\/wp-json\/wp\/v2\/media?parent=2722"}],"curies":[{"name":"wp","href":"https:\/\/api.w.org\/{rel}","templated":true}]}}